{"id":5037,"date":"2024-12-01T07:22:13","date_gmt":"2024-12-01T10:22:13","guid":{"rendered":"http:\/\/www.elipso.com.ar\/concejo\/?page_id=5037"},"modified":"2026-03-11T11:30:52","modified_gmt":"2026-03-11T14:30:52","slug":"personal","status":"publish","type":"page","link":"https:\/\/concejobellville.gob.ar\/wp\/personal\/","title":{"rendered":"Personal"},"content":{"rendered":"\t\t<div data-elementor-type=\"wp-page\" data-elementor-id=\"5037\" class=\"elementor elementor-5037\">\n\t\t\t\t\t\t<section class=\"elementor-section elementor-top-section elementor-element elementor-element-e1dd29d elementor-section-boxed elementor-section-height-default elementor-section-height-default\" data-id=\"e1dd29d\" data-element_type=\"section\">\n\t\t\t\t\t\t<div class=\"elementor-container elementor-column-gap-default\">\n\t\t\t\t\t<div class=\"elementor-column elementor-col-100 elementor-top-column elementor-element elementor-element-72ce8f4\" data-id=\"72ce8f4\" data-element_type=\"column\">\n\t\t\t<div class=\"elementor-widget-wrap elementor-element-populated\">\n\t\t\t\t\t\t<div class=\"elementor-element elementor-element-0e6a467 elementor-widget elementor-widget-text-editor\" data-id=\"0e6a467\" data-element_type=\"widget\" data-widget_type=\"text-editor.default\">\n\t\t\t\t<div class=\"elementor-widget-container\">\n\t\t\t\t\t\t\t<h2 style=\"text-align: center;\"><span style=\"color: #202b5d;\">Personal administrativo del Concejo Deliberante de Bell Ville<\/span><\/h2>\t\t\t\t\t\t<\/div>\n\t\t\t\t<\/div>\n\t\t\t\t<div class=\"elementor-element elementor-element-c9d3f0f elementor-widget-divider--view-line elementor-widget elementor-widget-divider\" data-id=\"c9d3f0f\" data-element_type=\"widget\" data-widget_type=\"divider.default\">\n\t\t\t\t<div class=\"elementor-widget-container\">\n\t\t\t\t\t<div class=\"elementor-divider\">\n\t\t\t<span class=\"elementor-divider-separator\">\n\t\t\t\t\t\t<\/span>\n\t\t<\/div>\n\t\t\t\t<\/div>\n\t\t\t\t<\/div>\n\t\t\t\t\t<\/div>\n\t\t<\/div>\n\t\t\t\t\t<\/div>\n\t\t<\/section>\n\t\t\t\t<section class=\"elementor-section elementor-top-section elementor-element elementor-element-e58e380 elementor-section-boxed elementor-section-height-default elementor-section-height-default\" data-id=\"e58e380\" data-element_type=\"section\">\n\t\t\t\t\t\t<div class=\"elementor-container elementor-column-gap-default\">\n\t\t\t\t\t<div class=\"elementor-column elementor-col-100 elementor-top-column elementor-element elementor-element-7503bf2\" data-id=\"7503bf2\" data-element_type=\"column\">\n\t\t\t<div class=\"elementor-widget-wrap elementor-element-populated\">\n\t\t\t\t\t\t<div class=\"elementor-element elementor-element-ead6c9c elementor-widget elementor-widget-text-editor\" data-id=\"ead6c9c\" data-element_type=\"widget\" data-widget_type=\"text-editor.default\">\n\t\t\t\t<div class=\"elementor-widget-container\">\n\t\t\t\t\t\t\t<p><strong>Ron, Mauro Iv\u00e1n<\/strong><br \/>Legajo N\u00b0 1211 | Categor\u00eda 9 | Turno Ma\u00f1ana | Jueves afectado a la Sesiones Ordinarias.<\/p><p><strong>Lofaro, Beatriz Isabel<\/strong><br \/>Legajo N\u00b0 1209 | Categor\u00eda 7 | Turno Ma\u00f1ana | Jueves afectada a la Sesiones Ordinarias.<\/p><p><strong>Ferreyra, Romina Andrea<\/strong><br \/>Legajo 4675 | Servicios Generales | Turno Ma\u00f1ana.<\/p><nav class=\"pagination group\"><\/nav><div class=\"clear\">\u00a0<\/div>\t\t\t\t\t\t<\/div>\n\t\t\t\t<\/div>\n\t\t\t\t\t<\/div>\n\t\t<\/div>\n\t\t\t\t\t<\/div>\n\t\t<\/section>\n\t\t\t\t<\/div>\n\t\t","protected":false},"excerpt":{"rendered":"<p>Personal administrativo del Concejo Deliberante de Bell Ville Ron, Mauro Iv\u00e1nLegajo N\u00b0 1211 | Categor\u00eda 9 | Turno Ma\u00f1ana | Jueves afectado a la Sesiones Ordinarias. Lofaro, Beatriz IsabelLegajo N\u00b0 1209 | Categor\u00eda 7 | Turno Ma\u00f1ana | Jueves afectada a la Sesiones Ordinarias. Ferreyra, Romina AndreaLegajo 4675 | Servicios Generales | Turno Ma\u00f1ana. \u00a0<\/p>\n","protected":false},"author":1,"featured_media":352,"parent":0,"menu_order":0,"comment_status":"closed","ping_status":"closed","template":"elementor_header_footer","meta":{"footnotes":""},"class_list":["post-5037","page","type-page","status-publish","has-post-thumbnail","hentry"],"_links":{"self":[{"href":"https:\/\/concejobellville.gob.ar\/wp\/wp-json\/wp\/v2\/pages\/5037","targetHints":{"allow":["GET"]}}],"collection":[{"href":"https:\/\/concejobellville.gob.ar\/wp\/wp-json\/wp\/v2\/pages"}],"about":[{"href":"https:\/\/concejobellville.gob.ar\/wp\/wp-json\/wp\/v2\/types\/page"}],"author":[{"embeddable":true,"href":"https:\/\/concejobellville.gob.ar\/wp\/wp-json\/wp\/v2\/users\/1"}],"replies":[{"embeddable":true,"href":"https:\/\/concejobellville.gob.ar\/wp\/wp-json\/wp\/v2\/comments?post=5037"}],"version-history":[{"count":7,"href":"https:\/\/concejobellville.gob.ar\/wp\/wp-json\/wp\/v2\/pages\/5037\/revisions"}],"predecessor-version":[{"id":8726,"href":"https:\/\/concejobellville.gob.ar\/wp\/wp-json\/wp\/v2\/pages\/5037\/revisions\/8726"}],"wp:featuredmedia":[{"embeddable":true,"href":"https:\/\/concejobellville.gob.ar\/wp\/wp-json\/"}],"wp:attachment":[{"href":"https:\/\/concejobellville.gob.ar\/wp\/wp-json\/wp\/v2\/media?parent=5037"}],"curies":[{"name":"wp","href":"https:\/\/api.w.org\/{rel}","templated":true}]}}